{"id":1606,"date":"2025-02-28T18:09:08","date_gmt":"2025-02-28T17:09:08","guid":{"rendered":"https:\/\/kristin.frings-medienservice.de\/?page_id=1606"},"modified":"2025-03-05T08:31:26","modified_gmt":"2025-03-05T07:31:26","slug":"ratgeber","status":"publish","type":"page","link":"https:\/\/kristin.frings-medienservice.de\/en\/ratgeber\/","title":{"rendered":"Ratgeber"},"content":{"rendered":"<div data-elementor-type=\"wp-page\" data-elementor-id=\"1606\" class=\"elementor elementor-1606\">\n\t\t\t\t<div class=\"elementor-element elementor-element-8388ff6 e-flex e-con-boxed e-con e-parent\" data-id=\"8388ff6\" data-element_type=\"container\" data-settings=\"{&quot;background_background&quot;:&quot;classic&quot;}\">\n\t\t\t\t\t<div class=\"e-con-inner\">\n\t\t<div class=\"elementor-element elementor-element-5ebda8bb e-con-full e-flex e-con e-child\" data-id=\"5ebda8bb\" data-element_type=\"container\">\n\t\t\t\t<div class=\"elementor-element elementor-element-321f302d elementor-widget elementor-widget-spacer\" data-id=\"321f302d\" data-element_type=\"widget\" data-widget_type=\"spacer.default\">\n\t\t\t\t<div class=\"elementor-widget-container\">\n\t\t\t\t\t\t\t<div class=\"elementor-spacer\">\n\t\t\t<div class=\"elementor-spacer-inner\"><\/div>\n\t\t<\/div>\n\t\t\t\t\t\t<\/div>\n\t\t\t\t<\/div>\n\t\t\t\t<div class=\"elementor-element elementor-element-273c7be4 elementor-widget-divider--view-line elementor-widget elementor-widget-divider\" data-id=\"273c7be4\" data-element_type=\"widget\" data-widget_type=\"divider.default\">\n\t\t\t\t<div class=\"elementor-widget-container\">\n\t\t\t\t\t\t\t<div class=\"elementor-divider\">\n\t\t\t<span class=\"elementor-divider-separator\">\n\t\t\t\t\t\t<\/span>\n\t\t<\/div>\n\t\t\t\t\t\t<\/div>\n\t\t\t\t<\/div>\n\t\t\t\t<div class=\"elementor-element elementor-element-2ab6a653 elementor-widget elementor-widget-heading\" data-id=\"2ab6a653\" data-element_type=\"widget\" data-widget_type=\"heading.default\">\n\t\t\t\t<div class=\"elementor-widget-container\">\n\t\t\t\t\t<h1 class=\"elementor-heading-title elementor-size-default\">Ratgeber<\/h1>\t\t\t\t<\/div>\n\t\t\t\t<\/div>\n\t\t\t\t<div class=\"elementor-element elementor-element-6052650a elementor-widget elementor-widget-heading\" data-id=\"6052650a\" data-element_type=\"widget\" data-widget_type=\"heading.default\">\n\t\t\t\t<div class=\"elementor-widget-container\">\n\t\t\t\t\t<h4 class=\"elementor-heading-title elementor-size-default\">Guidepost to affordable enjoyment<\/h4>\t\t\t\t<\/div>\n\t\t\t\t<\/div>\n\t\t\t\t<\/div>\n\t\t\t\t\t<\/div>\n\t\t\t\t<\/div>\n\t\t<div class=\"elementor-element elementor-element-454c33e e-flex e-con-boxed e-con e-parent\" data-id=\"454c33e\" data-element_type=\"container\">\n\t\t\t\t\t<div class=\"e-con-inner\">\n\t\t\t\t\t<\/div>\n\t\t\t\t<\/div>\n\t\t<div class=\"elementor-element elementor-element-f879717 e-flex e-con-boxed e-con e-parent\" data-id=\"f879717\" data-element_type=\"container\">\n\t\t\t\t\t<div class=\"e-con-inner\">\n\t\t\t\t<div class=\"elementor-element elementor-element-d10cc1f elementor-widget elementor-widget-text-editor\" data-id=\"d10cc1f\" data-element_type=\"widget\" data-widget_type=\"text-editor.default\">\n\t\t\t\t<div class=\"elementor-widget-container\">\n\t\t\t\t\t\t\t\t\t<p style=\"text-align: center;\">Beispieltext<\/p>\t\t\t\t\t\t\t\t<\/div>\n\t\t\t\t<\/div>\n\t\t\t\t<div class=\"elementor-element elementor-element-60296af elementor-widget-divider--view-line elementor-widget elementor-widget-divider\" data-id=\"60296af\" data-element_type=\"widget\" data-widget_type=\"divider.default\">\n\t\t\t\t<div class=\"elementor-widget-container\">\n\t\t\t\t\t\t\t<div class=\"elementor-divider\">\n\t\t\t<span class=\"elementor-divider-separator\">\n\t\t\t\t\t\t<\/span>\n\t\t<\/div>\n\t\t\t\t\t\t<\/div>\n\t\t\t\t<\/div>\n\t\t\t\t<div class=\"elementor-element elementor-element-173aa8b elementor-widget elementor-widget-spacer\" data-id=\"173aa8b\" data-element_type=\"widget\" data-widget_type=\"spacer.default\">\n\t\t\t\t<div class=\"elementor-widget-container\">\n\t\t\t\t\t\t\t<div class=\"elementor-spacer\">\n\t\t\t<div class=\"elementor-spacer-inner\"><\/div>\n\t\t<\/div>\n\t\t\t\t\t\t<\/div>\n\t\t\t\t<\/div>\n\t\t\t\t\t<\/div>\n\t\t\t\t<\/div>\n\t\t<div class=\"elementor-element elementor-element-af193d9 e-flex e-con-boxed e-con e-parent\" data-id=\"af193d9\" data-element_type=\"container\">\n\t\t\t\t\t<div class=\"e-con-inner\">\n\t\t\t\t\t<\/div>\n\t\t\t\t<\/div>\n\t\t\t\t<\/div>","protected":false},"excerpt":{"rendered":"<p>Ratgeber Wegweiser zu erschwinglichem Genuss Beispieltext<\/p>","protected":false},"author":1,"featured_media":0,"parent":0,"menu_order":0,"comment_status":"closed","ping_status":"closed","template":"","meta":{"site-sidebar-layout":"no-sidebar","site-content-layout":"page-builder","ast-site-content-layout":"full-width-container","site-content-style":"default","site-sidebar-style":"default","ast-global-header-display":"","ast-banner-title-visibility":"","ast-main-header-display":"","ast-hfb-above-header-display":"","ast-hfb-below-header-display":"","ast-hfb-mobile-header-display":"","site-post-title":"disabled","ast-breadcrumbs-content":"","ast-featured-img":"disabled","footer-sml-layout":"","theme-transparent-header-meta":"","adv-header-id-meta":"","stick-header-meta":"","header-above-stick-meta":"","header-main-stick-meta":"","header-below-stick-meta":"","astra-migrate-meta-layouts":"set","ast-page-background-enabled":"default","ast-page-background-meta":{"desktop":{"background-color":"","background-image":"","background-repeat":"repeat","background-position":"center center","background-size":"auto","background-attachment":"scroll","background-type":"","background-media":"","overlay-type":"","overlay-color":"","overlay-opacity":"","overlay-gradient":""},"tablet":{"background-color":"","background-image":"","background-repeat":"repeat","background-position":"center center","background-size":"auto","background-attachment":"scroll","background-type":"","background-media":"","overlay-type":"","overlay-color":"","overlay-opacity":"","overlay-gradient":""},"mobile":{"background-color":"","background-image":"","background-repeat":"repeat","background-position":"center center","background-size":"auto","background-attachment":"scroll","background-type":"","background-media":"","overlay-type":"","overlay-color":"","overlay-opacity":"","overlay-gradient":""}},"ast-content-background-meta":{"desktop":{"background-color":"var(--ast-global-color-5)","background-image":"","background-repeat":"repeat","background-position":"center center","background-size":"auto","background-attachment":"scroll","background-type":"","background-media":"","overlay-type":"","overlay-color":"","overlay-opacity":"","overlay-gradient":""},"tablet":{"background-color":"var(--ast-global-color-5)","background-image":"","background-repeat":"repeat","background-position":"center center","background-size":"auto","background-attachment":"scroll","background-type":"","background-media":"","overlay-type":"","overlay-color":"","overlay-opacity":"","overlay-gradient":""},"mobile":{"background-color":"var(--ast-global-color-5)","background-image":"","background-repeat":"repeat","background-position":"center center","background-size":"auto","background-attachment":"scroll","background-type":"","background-media":"","overlay-type":"","overlay-color":"","overlay-opacity":"","overlay-gradient":""}},"footnotes":""},"class_list":["post-1606","page","type-page","status-publish","hentry"],"yoast_head":"<!-- This site is optimized with the Yoast SEO plugin v25.0 - https:\/\/yoast.com\/wordpress\/plugins\/seo\/ -->\n<title>Ratgeber - Der gr\u00fcne Genuss<\/title>\n<meta name=\"robots\" content=\"index, follow, max-snippet:-1, max-image-preview:large, max-video-preview:-1\" \/>\n<link rel=\"canonical\" href=\"https:\/\/kristin.frings-medienservice.de\/en\/ratgeber\/\" \/>\n<meta property=\"og:locale\" content=\"en_US\" \/>\n<meta property=\"og:type\" content=\"article\" \/>\n<meta property=\"og:title\" content=\"Ratgeber - Der gr\u00fcne Genuss\" \/>\n<meta property=\"og:description\" content=\"Ratgeber Wegweiser zu erschwinglichem Genuss Beispieltext\" \/>\n<meta property=\"og:url\" content=\"https:\/\/kristin.frings-medienservice.de\/en\/ratgeber\/\" \/>\n<meta property=\"og:site_name\" content=\"Der gr\u00fcne Genuss\" \/>\n<meta property=\"article:modified_time\" content=\"2025-03-05T07:31:26+00:00\" \/>\n<meta name=\"twitter:card\" content=\"summary_large_image\" \/>\n<meta name=\"twitter:label1\" content=\"Est. reading time\" \/>\n\t<meta name=\"twitter:data1\" content=\"1 minute\" \/>\n<script type=\"application\/ld+json\" class=\"yoast-schema-graph\">{\"@context\":\"https:\/\/schema.org\",\"@graph\":[{\"@type\":\"WebPage\",\"@id\":\"https:\/\/kristin.frings-medienservice.de\/ratgeber\/\",\"url\":\"https:\/\/kristin.frings-medienservice.de\/ratgeber\/\",\"name\":\"Ratgeber - Der gr\u00fcne Genuss\",\"isPartOf\":{\"@id\":\"https:\/\/kristin.frings-medienservice.de\/#website\"},\"datePublished\":\"2025-02-28T17:09:08+00:00\",\"dateModified\":\"2025-03-05T07:31:26+00:00\",\"breadcrumb\":{\"@id\":\"https:\/\/kristin.frings-medienservice.de\/ratgeber\/#breadcrumb\"},\"inLanguage\":\"en-US\",\"potentialAction\":[{\"@type\":\"ReadAction\",\"target\":[\"https:\/\/kristin.frings-medienservice.de\/ratgeber\/\"]}]},{\"@type\":\"BreadcrumbList\",\"@id\":\"https:\/\/kristin.frings-medienservice.de\/ratgeber\/#breadcrumb\",\"itemListElement\":[{\"@type\":\"ListItem\",\"position\":1,\"name\":\"Startseite\",\"item\":\"https:\/\/kristin.frings-medienservice.de\/\"},{\"@type\":\"ListItem\",\"position\":2,\"name\":\"Ratgeber\"}]},{\"@type\":\"WebSite\",\"@id\":\"https:\/\/kristin.frings-medienservice.de\/#website\",\"url\":\"https:\/\/kristin.frings-medienservice.de\/\",\"name\":\"Der gr\u00fcne Genuss\",\"description\":\"Ihr Kleinexperte f\u00fcr gro\u00dfe Genie\u00dferfragen\",\"publisher\":{\"@id\":\"https:\/\/kristin.frings-medienservice.de\/#organization\"},\"potentialAction\":[{\"@type\":\"SearchAction\",\"target\":{\"@type\":\"EntryPoint\",\"urlTemplate\":\"https:\/\/kristin.frings-medienservice.de\/?s={search_term_string}\"},\"query-input\":{\"@type\":\"PropertyValueSpecification\",\"valueRequired\":true,\"valueName\":\"search_term_string\"}}],\"inLanguage\":\"en-US\"},{\"@type\":\"Organization\",\"@id\":\"https:\/\/kristin.frings-medienservice.de\/#organization\",\"name\":\"Der gr\u00fcne Genuss\",\"url\":\"https:\/\/kristin.frings-medienservice.de\/\",\"logo\":{\"@type\":\"ImageObject\",\"inLanguage\":\"en-US\",\"@id\":\"https:\/\/kristin.frings-medienservice.de\/#\/schema\/logo\/image\/\",\"url\":\"https:\/\/kristin.frings-medienservice.de\/wp-content\/uploads\/2025\/02\/cropped-Transparent-Logo.png\",\"contentUrl\":\"https:\/\/kristin.frings-medienservice.de\/wp-content\/uploads\/2025\/02\/cropped-Transparent-Logo.png\",\"width\":408,\"height\":583,\"caption\":\"Der gr\u00fcne Genuss\"},\"image\":{\"@id\":\"https:\/\/kristin.frings-medienservice.de\/#\/schema\/logo\/image\/\"}}]}<\/script>\n<!-- \/ Yoast SEO plugin. -->","yoast_head_json":{"title":"Ratgeber - Der gr\u00fcne Genuss","robots":{"index":"index","follow":"follow","max-snippet":"max-snippet:-1","max-image-preview":"max-image-preview:large","max-video-preview":"max-video-preview:-1"},"canonical":"https:\/\/kristin.frings-medienservice.de\/en\/ratgeber\/","og_locale":"en_US","og_type":"article","og_title":"Ratgeber - Der gr\u00fcne Genuss","og_description":"Ratgeber Wegweiser zu erschwinglichem Genuss Beispieltext","og_url":"https:\/\/kristin.frings-medienservice.de\/en\/ratgeber\/","og_site_name":"Der gr\u00fcne Genuss","article_modified_time":"2025-03-05T07:31:26+00:00","twitter_card":"summary_large_image","twitter_misc":{"Est. reading time":"1 minute"},"schema":{"@context":"https:\/\/schema.org","@graph":[{"@type":"WebPage","@id":"https:\/\/kristin.frings-medienservice.de\/ratgeber\/","url":"https:\/\/kristin.frings-medienservice.de\/ratgeber\/","name":"Ratgeber - Der gr\u00fcne Genuss","isPartOf":{"@id":"https:\/\/kristin.frings-medienservice.de\/#website"},"datePublished":"2025-02-28T17:09:08+00:00","dateModified":"2025-03-05T07:31:26+00:00","breadcrumb":{"@id":"https:\/\/kristin.frings-medienservice.de\/ratgeber\/#breadcrumb"},"inLanguage":"en-US","potentialAction":[{"@type":"ReadAction","target":["https:\/\/kristin.frings-medienservice.de\/ratgeber\/"]}]},{"@type":"BreadcrumbList","@id":"https:\/\/kristin.frings-medienservice.de\/ratgeber\/#breadcrumb","itemListElement":[{"@type":"ListItem","position":1,"name":"Startseite","item":"https:\/\/kristin.frings-medienservice.de\/"},{"@type":"ListItem","position":2,"name":"Ratgeber"}]},{"@type":"WebSite","@id":"https:\/\/kristin.frings-medienservice.de\/#website","url":"https:\/\/kristin.frings-medienservice.de\/","name":"Der gr\u00fcne Genuss","description":"Ihr Kleinexperte f\u00fcr gro\u00dfe Genie\u00dferfragen","publisher":{"@id":"https:\/\/kristin.frings-medienservice.de\/#organization"},"potentialAction":[{"@type":"SearchAction","target":{"@type":"EntryPoint","urlTemplate":"https:\/\/kristin.frings-medienservice.de\/?s={search_term_string}"},"query-input":{"@type":"PropertyValueSpecification","valueRequired":true,"valueName":"search_term_string"}}],"inLanguage":"en-US"},{"@type":"Organization","@id":"https:\/\/kristin.frings-medienservice.de\/#organization","name":"Der gr\u00fcne Genuss","url":"https:\/\/kristin.frings-medienservice.de\/","logo":{"@type":"ImageObject","inLanguage":"en-US","@id":"https:\/\/kristin.frings-medienservice.de\/#\/schema\/logo\/image\/","url":"https:\/\/kristin.frings-medienservice.de\/wp-content\/uploads\/2025\/02\/cropped-Transparent-Logo.png","contentUrl":"https:\/\/kristin.frings-medienservice.de\/wp-content\/uploads\/2025\/02\/cropped-Transparent-Logo.png","width":408,"height":583,"caption":"Der gr\u00fcne Genuss"},"image":{"@id":"https:\/\/kristin.frings-medienservice.de\/#\/schema\/logo\/image\/"}}]}},"_links":{"self":[{"href":"https:\/\/kristin.frings-medienservice.de\/en\/wp-json\/wp\/v2\/pages\/1606","targetHints":{"allow":["GET"]}}],"collection":[{"href":"https:\/\/kristin.frings-medienservice.de\/en\/wp-json\/wp\/v2\/pages"}],"about":[{"href":"https:\/\/kristin.frings-medienservice.de\/en\/wp-json\/wp\/v2\/types\/page"}],"author":[{"embeddable":true,"href":"https:\/\/kristin.frings-medienservice.de\/en\/wp-json\/wp\/v2\/users\/1"}],"replies":[{"embeddable":true,"href":"https:\/\/kristin.frings-medienservice.de\/en\/wp-json\/wp\/v2\/comments?post=1606"}],"version-history":[{"count":10,"href":"https:\/\/kristin.frings-medienservice.de\/en\/wp-json\/wp\/v2\/pages\/1606\/revisions"}],"predecessor-version":[{"id":1849,"href":"https:\/\/kristin.frings-medienservice.de\/en\/wp-json\/wp\/v2\/pages\/1606\/revisions\/1849"}],"wp:attachment":[{"href":"https:\/\/kristin.frings-medienservice.de\/en\/wp-json\/wp\/v2\/media?parent=1606"}],"curies":[{"name":"wp","href":"https:\/\/api.w.org\/{rel}","templated":true}]}}